{"id":568,"date":"2019-11-25T14:17:49","date_gmt":"2019-11-25T14:17:49","guid":{"rendered":"https:\/\/cue.org.es\/?page_id=568"},"modified":"2023-08-02T07:46:51","modified_gmt":"2023-08-02T07:46:51","slug":"comite-europeo-de-evaluacion-de-la-calidad-y-acreditacion-ceca","status":"publish","type":"page","link":"https:\/\/cue.org.es\/?page_id=568","title":{"rendered":"Evaluaci\u00f3n de la Calidad y Acreditaci\u00f3n (CECA)"},"content":{"rendered":"\n<p>El  Comit\u00e9 Europeo de Evaluaci\u00f3n de la Calidad y Acreditaci\u00f3n (CECA)  es la entidad certificadora del CUE EuroAmerican University Consortium y miembro de pleno derecho del General Registry of the European Union Professionals.<\/p>\n\n\n\n<p>El Programa DIDEC@, establece la normativa del Sistema Interno de Garant\u00eda de Calidad (SIGC), exclusiva y espec\u00edfica para la Formaci\u00f3n Superior conducente a \u00abT\u00edtulo Privado\u00bb y por lo tanto, legislada como la Rama de la Formaci\u00f3n \u00abno reglada\u00bb  o \u00abno formal\u00bb por el EEES, Sistema Educativo de Educaci\u00f3n Superior Europeo.<\/p>\n\n\n\n<p>Al ser las propias entidades educativas privadas, y Universidades P\u00fablicas y Privadas, las responsables del Objeto, Alcance, Introducci\u00f3n, y  Directrices, que afectan a los denominados \u00abT\u00edtulos Propios\u00bb y siendo estos, una parte del Sistema Educativo Europeo, al margen de entidades certificadoras como ANECA (Solo T\u00edtulos Oficiales), se decidi\u00f3 y dirigi\u00f3 desde el Euro\u00b7American University Consortium, generar y aplicar, el Sistema Interno de Garant\u00eda de Calidad (SIGC), basado en auditorias y extensi\u00f3n de los diferentes certificados.<\/p>\n\n\n\n<h2 class=\"wp-block-heading\">Acceso a la Auditor\u00eda del Sector Educativo.<\/h2>\n\n\n\n<p>Acceder a una auditor\u00eda empresarial, mediante el Sistema Interno de Garant\u00eda de Calidad (SIGC) le permite seleccionar la Auditoria en funci\u00f3n de sus intereses, y a partir de los resultados, iniciar la toma de decisiones correctas, para la mejora de las funciones empresariales.<\/p>\n\n\n\n<p>Esta auditoria, est\u00e1 enfocada en dos direcciones: La primera, a la posici\u00f3n, enfoque, publicidad y marketing,  y la segunda, a la normativa y seguridad de sus recursos electr\u00f3nicos empresariales, necesaria para mejorar cualquier d\u00e9ficit detectado.<\/p>\n\n\n\n<p>Si usted como empresario, desea mejorar su empresa, en los aspectos mas relevantes y ser mas productivo, solicite hoy, la auditor\u00eda SIGC , desde aqu\u00ed: <\/p>\n\n\n\n<div class=\"wp-block-button is-style-outline aligncenter is-style-outline--1\"><a class=\"wp-block-button__link wp-element-button\">Solicitar Auditor\u00eda  <br>SIGC  de mi Empresa del Sector Educativo<\/a><\/div>\n","protected":false},"excerpt":{"rendered":"<p>El Comit\u00e9 Europeo de Evaluaci\u00f3n de la Calidad y Acreditaci\u00f3n (CECA) es la entidad certificadora del CUE EuroAmerican University Consortium y miembro de pleno derecho del General Registry of the European Union Professionals. El Programa DIDEC@, establece la normativa del Sistema Interno de Garant\u00eda de Calidad (SIGC), exclusiva y espec\u00edfica para la Formaci\u00f3n Superior conducente [&hellip;]<\/p>\n","protected":false},"author":1,"featured_media":569,"parent":0,"menu_order":0,"comment_status":"closed","ping_status":"closed","template":"","meta":{"footnotes":""},"class_list":["post-568","page","type-page","status-publish","has-post-thumbnail","hentry"],"_links":{"self":[{"href":"https:\/\/cue.org.es\/index.php?rest_route=\/wp\/v2\/pages\/568","targetHints":{"allow":["GET"]}}],"collection":[{"href":"https:\/\/cue.org.es\/index.php?rest_route=\/wp\/v2\/pages"}],"about":[{"href":"https:\/\/cue.org.es\/index.php?rest_route=\/wp\/v2\/types\/page"}],"author":[{"embeddable":true,"href":"https:\/\/cue.org.es\/index.php?rest_route=\/wp\/v2\/users\/1"}],"replies":[{"embeddable":true,"href":"https:\/\/cue.org.es\/index.php?rest_route=%2Fwp%2Fv2%2Fcomments&post=568"}],"version-history":[{"count":4,"href":"https:\/\/cue.org.es\/index.php?rest_route=\/wp\/v2\/pages\/568\/revisions"}],"predecessor-version":[{"id":931,"href":"https:\/\/cue.org.es\/index.php?rest_route=\/wp\/v2\/pages\/568\/revisions\/931"}],"wp:featuredmedia":[{"embeddable":true,"href":"https:\/\/cue.org.es\/index.php?rest_route=\/wp\/v2\/media\/569"}],"wp:attachment":[{"href":"https:\/\/cue.org.es\/index.php?rest_route=%2Fwp%2Fv2%2Fmedia&parent=568"}],"curies":[{"name":"wp","href":"https:\/\/api.w.org\/{rel}","templated":true}]}}