{"id":30,"date":"2011-09-17T18:03:53","date_gmt":"2011-09-17T18:03:53","guid":{"rendered":"http:\/\/www.acena.net\/cue\/?page_id=30"},"modified":"2023-11-15T18:49:28","modified_gmt":"2023-11-15T18:49:28","slug":"afiliaciones","status":"publish","type":"page","link":"https:\/\/cue.org.es\/?page_id=30","title":{"rendered":"Afiliaci\u00f3n de Miembros"},"content":{"rendered":"\n<p>El Consorcio Universitario es un programa de Afiliaci\u00f3n Internacional para acad\u00e9micos y funcionarios, cada vez m\u00e1s importante, y que contempla una serie de caracter\u00edsticas anexas a la afiliaci\u00f3n.<br>La afiliaci\u00f3n \u00abUniversity Euro\u00b7American Consortium Membership\u00bb est\u00e1 abierta a egresados de universidades europeas y americanas, que est\u00e9n interesados \u200b\u200ben acceder a los diferentes niveles de membres\u00eda y sus beneficios.<\/p>\n\n\n\n<h4 class=\"wp-block-heading has-cyan-bluish-gray-background-color has-background\"><strong>Antes de acceder a la Afiliaci\u00f3n \u00abUniversity Euro\u00b7American Consortium Membership\u00bb, conozca los beneficios de esta afiliaci\u00f3n:<\/strong><\/h4>\n\n\n\n<ul class=\"wp-block-list\">\n<li>Acceso preferente a plazas en estudios de postgrado (entidades asociadas la C.U.E.).<\/li>\n\n\n\n<li>Acceso preferente a la aplicaci\u00f3n de subvenciones, para el acceso a niveles acad\u00e9micos Ass.\/Dpl. BSc\/B.A. M.Sc\/M.A. PhD, y PDS, (Associate, Bachelor, Master, Doctor y Post-Doctor) obteniendo las primeras posiciones en las convocatorias.<\/li>\n\n\n\n<li>Ficha Promocional web, como Miembro Numerario del University Euro\u00b7American Consortium.<\/li>\n\n\n\n<li>Diploma Acreditativo, del University Euro\u00b7American Consortium con el nivel de membres\u00eda obtenido en la valoraci\u00f3n de su expediente.<\/li>\n\n\n\n<li>Carn\u00e9 de Afiliaci\u00f3n, al University Euro\u00b7American Consortium.<\/li>\n\n\n\n<li>Acceso y Recepci\u00f3n de Informaci\u00f3n mediante nuestro Newsletter (solo noticias especializadas y de alto inter\u00e9s).<\/li>\n\n\n\n<li>Autorizaci\u00f3n escrita, para el uso de logotipo y marca del University Euro\u00b7America Consortium en su sitio web u otra informaci\u00f3n profesional.<\/li>\n\n\n\n<li>Reducciones Econ\u00f3micas para el acceso a Procedimientos de Acreditaci\u00f3n de Competencias Profesionales para el acceso a niveles acad\u00e9micos Ass.\/Dpl. BSc\/B.A. M.Sc\/M.A. PhD, y PDS, (Associate, Bachelor, Master, Doctor y Post-Doctor).<\/li>\n\n\n\n<li>En los casos que proceda, por el nivel acad\u00e9mico o resultado de un procedimiento de acreditaci\u00f3n, podr\u00e1 formar parte del elenco de docentes, de las entidades educativas de las que egres\u00f3, siendo las categor\u00edas asignadas, Emeritus Faculty, Associate Professors y Clinical Professors,  obteniendo de esta forma una oportunidad de experiencia docente, que ser\u00e1 certificada. <\/li>\n\n\n\n<li>Organizar programas por cuenta propia, seminarios, moocs, etc.. y solicitar acreditaci\u00f3n para sus egresados, por el University Euro\u00b7American Consortium.<\/li>\n<\/ul>\n\n\n\n<h4 class=\"wp-block-heading\"><strong>Como solicitar acceso.<\/strong><\/h4>\n\n\n\n<p>Acceder al \u00e1rea de miembro del University Euro\u00b7American Consortium, requiere de una valoraci\u00f3n de expediente acad\u00e9mico y experiencia de vida profesional. Para ello, digitalice los dos documentos siguientes:<\/p>\n\n\n\n<ul class=\"wp-block-list\">\n<li><strong>Curricum vitae. <\/strong>Detalle su expediente acad\u00e9mico y experiencia de vida profesional.<\/li>\n\n\n\n<li><strong>Fotograf\u00eda<\/strong> tama\u00f1o carn\u00e9 o pasaporte<\/li>\n<\/ul>\n\n\n\n<p><strong>Nota: <\/strong>Se aceptan los formatos pdf, xps, jpg, o png.<\/p>\n\n\n\n<p>Acceda al <strong><a href=\"https:\/\/cue.org.es\/?page_id=384\" target=\"_blank\" rel=\"noreferrer noopener\">Formulario Electr\u00f3nico de Solicitud<\/a><\/strong> y cumplim\u00e9ntelo siguiendo las instrucciones.<\/p>\n\n\n\n<h4 class=\"wp-block-heading\"><strong>Tasas de Afiliaci\u00f3n.<\/strong><\/h4>\n\n\n\n<p><strong>Miembro Numerario:<\/strong> 250 UE\u20ac (Cuota \u00danica. No se establecen afiliaciones, ni cuotas mensuales, trimestrales o anuales).<br><strong>Envi\u00f3 Postal Certificado A\u00e9reo:<\/strong> 35 UE\u20ac<\/p>\n\n\n\n<p><strong>TOTAL: <\/strong>285 UE\u20ac<\/p>\n\n\n\n<p><strong>RECIBIR\u00c1 EN SU DOMICILIO:<\/strong><\/p>\n\n\n\n<ul class=\"wp-block-list\">\n<li><strong>Diploma Acreditativo, <\/strong>del University Euro\u00b7American Consortium con el nivel de membres\u00eda.<\/li>\n\n\n\n<li><strong>Carn\u00e9 de Afiliaci\u00f3n,<\/strong> al University Euro\u00b7American Consortium.<\/li>\n<\/ul>\n\n\n\n<p><strong>RECIBIR\u00c1 EN SU CORREO ELECTR\u00d3NICO:<\/strong><\/p>\n\n\n\n<ul class=\"wp-block-list\">\n<li><strong>Ficha Promocional web,<\/strong> como Miembro Numerario del University Euro\u00b7American Consortium.<\/li>\n\n\n\n<li><strong>Bolet\u00edn informativo.<\/strong> No se realiza spam.<\/li>\n<\/ul>\n\n\n\n<h4 class=\"wp-block-heading\"><strong>Formalice las Tasas de Afiliaci\u00f3n.<\/strong><\/h4>\n\n\n\n<p>Utilice el sistema de <a href=\"https:\/\/www.paypal.me\/cueuniversity\" target=\"_blank\" rel=\"noreferrer noopener\">pago electr\u00f3nico universal por PayPal.<\/a><\/p>\n\n\n\n<p>PayPal emitir\u00e1 el aviso de pago, por lo que, iniciaremos todos los procedimientos autom\u00e1ticamente.<\/p>\n\n\n\n<p>Antes del env\u00edo recibir\u00e1 un aviso y solicitud de confirmaci\u00f3n de direcci\u00f3n postal. Se proceder\u00e1 igualmente a emitir el c\u00f3digo de geolocalizaci\u00f3n.<\/p>\n\n\n\n<h4 class=\"wp-block-heading\"><strong>Contacto.<\/strong><\/h4>\n\n\n\n<p>Puede <a href=\"https:\/\/cue.org.es\/?page_id=872\">comunicarse por correo electr\u00f3nico<\/a> o a la l\u00ednea de atenci\u00f3n telef\u00f3nica: (+34) 670 612 202<\/p>\n","protected":false},"excerpt":{"rendered":"<p>El Consorcio Universitario es un programa de Afiliaci\u00f3n Internacional para acad\u00e9micos y funcionarios, cada vez m\u00e1s importante, y que contempla una serie de caracter\u00edsticas anexas a la afiliaci\u00f3n.La afiliaci\u00f3n \u00abUniversity Euro\u00b7American Consortium Membership\u00bb est\u00e1 abierta a egresados de universidades europeas y americanas, que est\u00e9n interesados \u200b\u200ben acceder a los diferentes niveles de membres\u00eda y sus [&hellip;]<\/p>\n","protected":false},"author":1,"featured_media":509,"parent":0,"menu_order":0,"comment_status":"closed","ping_status":"open","template":"","meta":{"footnotes":""},"class_list":["post-30","page","type-page","status-publish","has-post-thumbnail","hentry"],"_links":{"self":[{"href":"https:\/\/cue.org.es\/index.php?rest_route=\/wp\/v2\/pages\/30","targetHints":{"allow":["GET"]}}],"collection":[{"href":"https:\/\/cue.org.es\/index.php?rest_route=\/wp\/v2\/pages"}],"about":[{"href":"https:\/\/cue.org.es\/index.php?rest_route=\/wp\/v2\/types\/page"}],"author":[{"embeddable":true,"href":"https:\/\/cue.org.es\/index.php?rest_route=\/wp\/v2\/users\/1"}],"replies":[{"embeddable":true,"href":"https:\/\/cue.org.es\/index.php?rest_route=%2Fwp%2Fv2%2Fcomments&post=30"}],"version-history":[{"count":21,"href":"https:\/\/cue.org.es\/index.php?rest_route=\/wp\/v2\/pages\/30\/revisions"}],"predecessor-version":[{"id":949,"href":"https:\/\/cue.org.es\/index.php?rest_route=\/wp\/v2\/pages\/30\/revisions\/949"}],"wp:featuredmedia":[{"embeddable":true,"href":"https:\/\/cue.org.es\/index.php?rest_route=\/wp\/v2\/media\/509"}],"wp:attachment":[{"href":"https:\/\/cue.org.es\/index.php?rest_route=%2Fwp%2Fv2%2Fmedia&parent=30"}],"curies":[{"name":"wp","href":"https:\/\/api.w.org\/{rel}","templated":true}]}}