{"id":214,"date":"2012-10-17T11:46:22","date_gmt":"2012-10-17T11:46:22","guid":{"rendered":"http:\/\/www.acena.net\/cue\/?page_id=214"},"modified":"2024-12-14T10:04:33","modified_gmt":"2024-12-14T10:04:33","slug":"acpna-american-college-of-neuropsychoanalysis","status":"publish","type":"page","link":"https:\/\/cue.org.es\/?page_id=214","title":{"rendered":"ACPNA &#8211; American College of Neuropsychoanalysis"},"content":{"rendered":"\n<figure class=\"wp-block-image alignleft size-medium is-resized is-style-default\"><a href=\"https:\/\/cue.org.es\/wp-content\/uploads\/2024\/12\/ACPNA.jpg\"><img loading=\"lazy\" decoding=\"async\" width=\"300\" height=\"300\" src=\"https:\/\/cue.org.es\/wp-content\/uploads\/2024\/12\/ACPNA-300x300.jpg\" alt=\"\" class=\"wp-image-1040\" style=\"width:148px;height:auto\" srcset=\"https:\/\/cue.org.es\/wp-content\/uploads\/2024\/12\/ACPNA-300x300.jpg 300w, https:\/\/cue.org.es\/wp-content\/uploads\/2024\/12\/ACPNA-150x150.jpg 150w, https:\/\/cue.org.es\/wp-content\/uploads\/2024\/12\/ACPNA.jpg 474w\" sizes=\"auto, (max-width: 300px) 100vw, 300px\" \/><\/a><\/figure>\n\n\n\n<p>ACPNA \u2013 American College of Neuropsychoanalysis, es una de las entidades educativas mas importantes, en el avance e investigaci\u00f3n del \u00e1rea neurocient\u00edfica, planteando la transmigraci\u00f3n entre el psicoan\u00e1lisis y la neurociencia, y presentando al Comit\u00e9 Cient\u00edfico Internacional, el nuevo m\u00e9todo, llamado neuropsicoan\u00e1lisis.<\/p>\n\n\n\n<p>Al tiempo que mantiene las caracter\u00edsticas epistemol\u00f3gicas y metodol\u00f3gicas de cada disciplina, el neuropsicoan\u00e1lisis establece un nuevo paradigma, basado en las teor\u00edas propuestas por Sigmund Freud y Alexander Romanovich Luria.<\/p>\n\n\n\n<p>Ahora, por fin, es posible determinar cient\u00edficamente la organizaci\u00f3n neurol\u00f3gica de varias funciones mentales de inter\u00e9s para el psiquiatra y otros profesionales \u00abpsi\u00bb, e influyendo de forma determinante en nuevas tecnolog\u00edas, enfocadas al \u00e1rea diagn\u00f3stica y terap\u00e9utica en neurociencias.<\/p>\n\n\n\n<p>Es definitivamente una revoluci\u00f3n, en varias \u00e1reas de la tecnolog\u00eda y la ciencia, con la presentaci\u00f3n de un nuevo m\u00e9todo capaz de transformar la experiencia humana.<\/p>\n\n\n\n<p><span style=\"text-decoration: underline;\"><strong>Acreditada por:<\/strong><\/span><\/p>\n\n\n\n<ul class=\"wp-block-list\">\n<li>Israeli Medical Association.<\/li>\n\n\n\n<li>New York Acdemy Of sciencies.<\/li>\n\n\n\n<li>American Association of High Education and Accreditation.<\/li>\n\n\n\n<li>International Neuropsychoanalysis Society.<\/li>\n\n\n\n<li>American Psychiatric Association.<\/li>\n\n\n\n<li>International Student Identity Card<\/li>\n\n\n\n<li>International Association of Educators for World Peace<\/li>\n\n\n\n<li>EuroFederation of Psychoanalysis<\/li>\n\n\n\n<li>Doctors Academy<\/li>\n\n\n\n<li>American Israeli Medical Association<\/li>\n\n\n\n<li>International Board Of Medicine and Surgery<\/li>\n\n\n\n<li>Catholic medical association<\/li>\n\n\n\n<li>The American Psychopathological Association (APPA)<\/li>\n\n\n\n<li>The World Medical Association (WMA)<\/li>\n\n\n\n<li>American pontifical Catholic University<\/li>\n\n\n\n<li>An International Association For Medical<\/li>\n\n\n\n<li>King&#8217;s College London Psychiatry Society<\/li>\n\n\n\n<li>MedEdWorld<\/li>\n\n\n\n<li>World Health Organization<\/li>\n\n\n\n<li>American Psychological Association<\/li>\n\n\n\n<li>Afiliada al Consorcio Universitario EuroAmericano<\/li>\n<\/ul>\n\n\n\n<p><span style=\"text-decoration: underline;\"><strong>American College of Neuropsychoanalysis &#8211; ACNPA<\/strong><\/span><\/p>\n\n\n\n<figure class=\"wp-block-image alignleft\"><a href=\"https:\/\/cue.org.es\/wp-content\/uploads\/2020\/02\/Roberto_Coen_ACME.png\"><img loading=\"lazy\" decoding=\"async\" width=\"150\" height=\"150\" src=\"https:\/\/cue.org.es\/wp-content\/uploads\/2020\/02\/Roberto_Coen_ACME-150x150.png\" alt=\"\" class=\"wp-image-574\"\/><\/a><\/figure>\n\n\n\n<p><strong>Fundada en USA<\/strong> en 2.005 por el <strong>Dr. Zigmund Ziegler Roberto Cohen<\/strong>, Psiquiatra y Psicoanalista.<\/p>\n\n\n\n<p><strong><span style=\"text-decoration: underline;\">Localizado en el centro de Jerusal\u00e9n, Israel.<\/span><\/strong><br>Reconocido por el <span style=\"text-decoration: underline;\">Ministerio de Justicia de Israel<\/span>.<br>Israel Mount Zion P.O. BOX 6426<br>Zip Code 91063 Jerusalem- <strong>Israel Phone<\/strong> (052-707-9013) <strong>Fax<\/strong> 02-6729493<\/p>\n\n\n\n<p><strong><span style=\"text-decoration: underline;\">Registrada en el Departamento de Estado de La Florida<\/span><\/strong><br><strong>Document Number<\/strong> N09000008756<br>Florida Non Profit Organization<br><strong>FEI\/EIN Number<\/strong> 270928139<\/p>\n\n\n\n<p><strong>Puede contactar mediante los datos:<\/strong><\/p>\n\n\n\n<p><strong>E-Mail:<\/strong> <a href=\"mailto:info@acmedicine.org\" target=\"_blank\" rel=\"noopener noreferrer\">info@acmedicine.org&nbsp;<\/a><\/p>\n\n\n\n<p><strong>URL:<\/strong> <a href=\"https:\/\/www.acmedicine-edu.org\" target=\"_blank\" rel=\"noopener noreferrer\">https:\/\/www.acmedicine-edu.org<\/a><\/p>\n\n\n\n<div class=\"wp-block-buttons is-layout-flex wp-block-buttons-is-layout-flex\">\n<div class=\"wp-block-button is-style-fill\"><a class=\"wp-block-button__link has-cyan-bluish-gray-background-color has-background wp-element-button\" href=\"https:\/\/cue.org.es\/?page_id=48\">Volver<\/a><\/div>\n<\/div>\n","protected":false},"excerpt":{"rendered":"<p>ACPNA \u2013 American College of Neuropsychoanalysis, es una de las entidades educativas mas importantes, en el avance e investigaci\u00f3n del \u00e1rea neurocient\u00edfica, planteando la transmigraci\u00f3n entre el psicoan\u00e1lisis y la neurociencia, y presentando al Comit\u00e9 Cient\u00edfico Internacional, el nuevo m\u00e9todo, llamado neuropsicoan\u00e1lisis. Al tiempo que mantiene las caracter\u00edsticas epistemol\u00f3gicas y metodol\u00f3gicas de cada disciplina, el [&hellip;]<\/p>\n","protected":false},"author":1,"featured_media":0,"parent":0,"menu_order":0,"comment_status":"closed","ping_status":"open","template":"","meta":{"footnotes":""},"class_list":["post-214","page","type-page","status-publish","hentry"],"_links":{"self":[{"href":"https:\/\/cue.org.es\/index.php?rest_route=\/wp\/v2\/pages\/214","targetHints":{"allow":["GET"]}}],"collection":[{"href":"https:\/\/cue.org.es\/index.php?rest_route=\/wp\/v2\/pages"}],"about":[{"href":"https:\/\/cue.org.es\/index.php?rest_route=\/wp\/v2\/types\/page"}],"author":[{"embeddable":true,"href":"https:\/\/cue.org.es\/index.php?rest_route=\/wp\/v2\/users\/1"}],"replies":[{"embeddable":true,"href":"https:\/\/cue.org.es\/index.php?rest_route=%2Fwp%2Fv2%2Fcomments&post=214"}],"version-history":[{"count":12,"href":"https:\/\/cue.org.es\/index.php?rest_route=\/wp\/v2\/pages\/214\/revisions"}],"predecessor-version":[{"id":1042,"href":"https:\/\/cue.org.es\/index.php?rest_route=\/wp\/v2\/pages\/214\/revisions\/1042"}],"wp:attachment":[{"href":"https:\/\/cue.org.es\/index.php?rest_route=%2Fwp%2Fv2%2Fmedia&parent=214"}],"curies":[{"name":"wp","href":"https:\/\/api.w.org\/{rel}","templated":true}]}}